{"id":229,"date":"2015-07-27T03:29:01","date_gmt":"2015-07-27T03:29:01","guid":{"rendered":"http:\/\/demo.vegatheme.com\/archilight\/?page_id=229"},"modified":"2023-04-12T21:43:28","modified_gmt":"2023-04-12T21:43:28","slug":"activamente-psicologia-villavicencio","status":"publish","type":"page","link":"https:\/\/activamente.com.co\/index.php\/activamente-psicologia-villavicencio\/","title":{"rendered":"Activamente"},"content":{"rendered":"<section class=\"wpb-content-wrapper\"><p>[vc_row fullwidth=\u00bbyes\u00bb css=\u00bb.vc_custom_1474447018555{background-position: 0 0 !important;background-repeat: no-repeat !important;}\u00bb el_class=\u00bbside-bg no-padding\u00bb][vc_column]\t<!-- Element: OT Quick Office -->\n\t<div class=\"side-bg\">\n\n\t\t<div class=\"image-container hidden-xs pull-left col-md-5\" style=\"background-image:url(https:\/\/activamente.com.co\/wp-content\/uploads\/2015\/08\/terapia-infantil-villavicencio.jpg); ?>\" data-delay=\"0\"><\/div>\n\n\t\t<!-- Added this code in 26\/03\/2019 -->\n\t\t<img class=\"visible-xs img-responsive\" src=\"https:\/\/activamente.com.co\/wp-content\/uploads\/2015\/08\/terapia-infantil-villavicencio.jpg\" \/>\n\n        <div class=\"container\">\n            <div class=\"row\">\n                <div class=\"inner-padding\">\n                    <div class=\"col-md-6 col-md-offset-6 wow fadeInRight\" data-wow-delay=\".2s\">\n                        <h2>\u00bfQu\u00e9 es Activamente?<\/h2><br\/>\n                        <strong class=\"intro\">Somos un equipo de especialistas en salud mental con experiencia en evaluaci\u00f3n, atenci\u00f3n e intervenci\u00f3n individual a ni\u00f1os, ni\u00f1as, adolescentes y adultos. Contamos con atenci\u00f3n presencial en la ciudad de Villavicencio y la posibilidad de realizar consulta online. Trabajamos con pr\u00e1cticas basadas en la evidencia en donde las intervenciones se realizan con t\u00e9cnicas psicol\u00f3gicas que han demostrado eficacia y han sido validadas de forma emp\u00edrica. Consideramos cada caso de manera individual, por lo que partimos del an\u00e1lisis particular de las necesidades de nuestros consultantes y clientes, para proponer las opciones de intervenci\u00f3n que mejor se ajusten. Buscamos generar un espacio c\u00e1lido y seguro, para construir en conjunto y trabajar activamente en un proyecto de vida centrado en aquello que t\u00fa consideras valioso. <\/strong><\/p>\n<p>Trabajamos constantemente por mantenernos actualizados ofreciendo un servicio alineado con los principios que nos rigen:<br \/>\nDisciplina positiva, psicolog\u00eda basada en la evidencia, entorno seguro y libre de juicios, relaciones emp\u00e1ticas, trabajo en equipo, confidencialidad.                    <\/div>\n                    <div class=\"clearfix\"><\/div>\n                <\/div>\n            <\/div>\n        <\/div>\n\t<\/div>\n\n[\/vc_column][\/vc_row][vc_row img_halfrow=\u00bbyes\u00bb halfrow_image=\u00bb1538&#8243; img_columns=\u00bb5columns\u00bb img_position=\u00bbimgright\u00bb css=\u00bb.vc_custom_1680347140927{padding-top: 90px !important;padding-bottom: 90px !important;background-image: url(https:\/\/activamente.com.co\/wp-content\/uploads\/2023\/01\/breathtaking-view-ocean-rocky-cliffs-beautiful-bright-sky1.jpg?id=1417) !important;}\u00bb el_class=\u00bbbg-fixed\u00bb][vc_column width=\u00bb1\/2&#8243;]\n\t<!-- Element: OT Heading --> \t \n\t<h1 class=\"ot_custom_heading  \" style=\"text-align: center;\" ><\/h1>\t\n\n\t<!-- Element: OT Heading --> \t \n\t<h3 class=\"ot_custom_heading  \" style=\"font-size: 20px;text-align: center;color: #4c4c4c;\" ><\/h3>\t\n\t<!-- Element: OT Line solid --> \t \n\t<div class=\" separator \"><span><i class=\"fa fa-circle\"><\/i><\/span><\/div>\n\t<div class=\"spacer-single\"><\/div>\t      \n[vc_column_text][\/vc_column_text][\/vc_column][vc_column width=\u00bb1\/2&#8243;][\/vc_column][\/vc_row][vc_row fullwidth=\u00bbyes\u00bb css=\u00bb.vc_custom_1442204580531{padding-top: 60px !important;padding-bottom: 60px !important;}\u00bb el_class=\u00bbcall-to-action bg-color text-center\u00bb][vc_column]\t\t\t\n\t<!-- Element: OT Button --> \n\t\t\t<a href=\"https:\/\/activamente.lanegritastudio.com\/index.php\/contacto-psicologa-villavicencio\/\" target=\"_self\" class=\"btn btn-line-black btn-big  \">Escr\u00edbenos<\/a>\n\t    \n[\/vc_column][\/vc_row]<\/p>\n<\/section>","protected":false},"excerpt":{"rendered":"<p>[vc_row fullwidth=\u00bbyes\u00bb css=\u00bb.vc_custom_1474447018555{background-position: 0 0 !important;background-repeat: no-repeat !important;}\u00bb el_class=\u00bbside-bg no-padding\u00bb][vc_column][\/vc_column][\/vc_row][vc_row img_halfrow=\u00bbyes\u00bb halfrow_image=\u00bb1538&#8243; img_columns=\u00bb5columns\u00bb img_position=\u00bbimgright\u00bb css=\u00bb.vc_custom_1680347140927{padding-top: 90px !important;padding-bottom: 90px !important;background-image: url(https:\/\/activamente.com.co\/wp-content\/uploads\/2023\/01\/breathtaking-view-ocean-rocky-cliffs-beautiful-bright-sky1.jpg?id=1417) !important;}\u00bb el_class=\u00bbbg-fixed\u00bb][vc_column width=\u00bb1\/2&#8243;][vc_column_text][\/vc_column_text][\/vc_column][vc_column width=\u00bb1\/2&#8243;][\/vc_column][\/vc_row][vc_row fullwidth=\u00bbyes\u00bb css=\u00bb.vc_custom_1442204580531{padding-top: 60px !important;padding-bottom: 60px !important;}\u00bb el_class=\u00bbcall-to-action bg-color text-center\u00bb][vc_column][\/vc_column][\/vc_row]<\/p>\n","protected":false},"author":1,"featured_media":0,"parent":0,"menu_order":0,"comment_status":"open","ping_status":"open","template":"page-templates\/template-fullwidth.php","meta":[],"aioseo_notices":[],"_links":{"self":[{"href":"https:\/\/activamente.com.co\/index.php\/wp-json\/wp\/v2\/pages\/229"}],"collection":[{"href":"https:\/\/activamente.com.co\/index.php\/wp-json\/wp\/v2\/pages"}],"about":[{"href":"https:\/\/activamente.com.co\/index.php\/wp-json\/wp\/v2\/types\/page"}],"author":[{"embeddable":true,"href":"https:\/\/activamente.com.co\/index.php\/wp-json\/wp\/v2\/users\/1"}],"replies":[{"embeddable":true,"href":"https:\/\/activamente.com.co\/index.php\/wp-json\/wp\/v2\/comments?post=229"}],"version-history":[{"count":31,"href":"https:\/\/activamente.com.co\/index.php\/wp-json\/wp\/v2\/pages\/229\/revisions"}],"predecessor-version":[{"id":1705,"href":"https:\/\/activamente.com.co\/index.php\/wp-json\/wp\/v2\/pages\/229\/revisions\/1705"}],"wp:attachment":[{"href":"https:\/\/activamente.com.co\/index.php\/wp-json\/wp\/v2\/media?parent=229"}],"curies":[{"name":"wp","href":"https:\/\/api.w.org\/{rel}","templated":true}]}}