{"id":1570,"date":"2023-02-07T19:10:11","date_gmt":"2023-02-07T19:10:11","guid":{"rendered":"https:\/\/activamente.lanegritastudio.com\/?page_id=1570"},"modified":"2023-03-10T16:53:44","modified_gmt":"2023-03-10T16:53:44","slug":"preguntas-frecuentes","status":"publish","type":"page","link":"https:\/\/activamente.com.co\/index.php\/preguntas-frecuentes\/","title":{"rendered":"Preguntas Frecuentes"},"content":{"rendered":"<section class=\"wpb-content-wrapper\"><p>[vc_row css=\u00bb.vc_custom_1677519676995{padding-top: 0px !important;padding-bottom: 0px !important;}\u00bb][vc_column width=\u00bb1\/6&#8243;][\/vc_column][vc_column width=\u00bb2\/3&#8243;][vc_empty_space][vc_empty_space][vc_custom_heading text=\u00bb\u00bfTienes Dudas?\u00bb font_container=\u00bbtag:h2|text_align:center|color:%233f3f3f\u00bb use_theme_fonts=\u00bbyes\u00bb][vc_column_text]Aqu\u00ed te dejamos unas de las preguntas m\u00e1s comunes que puedes llegar a tener sobre la terapia o nuestros enfoque, esperamos te sirvan de ayuda y en caso de cualquier inquietud no dudes en escribirnos, estaremos felices de hablar contigo.[\/vc_column_text][vc_toggle title=\u00bb\u00bfCu\u00e1ndo debo acudir a un psic\u00f3logo?\u00bb style=\u00bbsimple\u00bb color=\u00bbpeacoc\u00bb custom_font_container=\u00bbtag:h2|font_size:20|text_align:left|color:%23111111&#8243; custom_use_theme_fonts=\u00bbyes\u00bb use_custom_heading=\u00bbtrue\u00bb]Las razones para acudir al psic\u00f3logo son muy variadas, y van desde la presencia de s\u00edntomas emocionales importantes que interfieren con nuestra vida cotidiana, o el querer adquirir herramientas para potenciar nuestro proyecto de vida. Solicitar una consulta por psicolog\u00eda no quiere decir que se deba seguir con un proceso largo, de hecho, algunas personas pueden necesitar solo una o dos sesiones, dirigidas a una orientaci\u00f3n particular como en el caso de familias que quieren recibir una asesor\u00eda puntual en pautas de crianza. Si no est\u00e1s seguro de necesitar apoyo psicol\u00f3gico, puedes solicitar una cita, y el profesional te orientar\u00e1 con respecto a lo que sea m\u00e1s indicado seg\u00fan tu caso.[\/vc_toggle][vc_toggle title=\u00bb\u00bfC\u00f3mo debo tener en cuenta a la hora de elegir un psic\u00f3logo?\u00bb style=\u00bbsimple\u00bb color=\u00bbpeacoc\u00bb custom_font_container=\u00bbtag:h2|font_size:20|text_align:left|color:%23111111&#8243; custom_use_theme_fonts=\u00bbyes\u00bb use_custom_heading=\u00bbtrue\u00bb]Es importante que sea una persona con quien te sientas c\u00f3modo, que te haga sentir que est\u00e1s en un entorno seguro y libre de juicios. Otro factor a tener en cuenta es el nivel de formaci\u00f3n y experiencia, adem\u00e1s del enfoque psicol\u00f3gico a partir del cu\u00e1l trabaja.[\/vc_toggle][vc_toggle title=\u00bb\u00bfQu\u00e9 es eso de los enfoques de la psicolog\u00eda?\u00bb style=\u00bbsimple\u00bb color=\u00bbpeacoc\u00bb custom_font_container=\u00bbtag:h2|font_size:20|text_align:left|color:%23111111&#8243; custom_use_theme_fonts=\u00bbyes\u00bb use_custom_heading=\u00bbtrue\u00bb]La psicolog\u00eda tiene diferentes enfoques o escuelas y tener esto presente es muy importante, ya que el que use tu psic\u00f3logo guiar\u00e1 gran parte del proceso y le dar\u00e1 una manera de entender y conceptualizar tu caso, adem\u00e1s de orientar el tipo de intervenci\u00f3n que se llevar\u00e1 a cabo. En Activamente trabajamos desde la terapia cognitivo-conductual y la terapia de Aceptaci\u00f3n y Compromiso (ACT)[\/vc_toggle][vc_toggle title=\u00bb\u00bfQu\u00e9 significa psicolog\u00eda basada en la evidencia?\u00bb style=\u00bbsimple\u00bb color=\u00bbpeacoc\u00bb custom_font_container=\u00bbtag:h2|font_size:20|text_align:left|color:%23111111&#8243; custom_use_theme_fonts=\u00bbyes\u00bb use_custom_heading=\u00bbtrue\u00bb]Significa que trabajamos con t\u00e9cnicas cuya eficacia ha sido probada y estudiada a nivel cient\u00edfico.[\/vc_toggle][vc_toggle title=\u00bb\u00bfCu\u00e1nto dura un proceso de psicolog\u00eda?\u00bb style=\u00bbsimple\u00bb color=\u00bbpeacoc\u00bb custom_font_container=\u00bbtag:h2|font_size:20|text_align:left|color:%23111111&#8243; custom_use_theme_fonts=\u00bbyes\u00bb use_custom_heading=\u00bbtrue\u00bb]Esta es una pregunta que no tiene una \u00fanica respuesta. Cada caso es particular, en ocasiones pueden ser necesarias unas pocas sesiones o en otros meses. Esto se determinar\u00e1 en conjunto y lo revisaremos cuando hagamos el plan de intervenci\u00f3n.[\/vc_toggle][vc_toggle title=\u00bb\u00bfCu\u00e1nto duran las sesiones y d\u00f3nde son?\u00bb style=\u00bbsimple\u00bb color=\u00bbpeacoc\u00bb custom_font_container=\u00bbtag:h2|font_size:20|text_align:left|color:%23111111&#8243; custom_use_theme_fonts=\u00bbyes\u00bb use_custom_heading=\u00bbtrue\u00bb]Tenemos atenci\u00f3n presencial en Villavicencio y online. T\u00edpicamente una sesi\u00f3n de psicolog\u00eda dura entre 45 min a 1 hora. En el caso de la orientaci\u00f3n vocacional las sesiones pueden ser un poco m\u00e1s largas y llegar a los 90 minutos.[\/vc_toggle][vc_toggle title=\u00bb\u00bfCu\u00e1ndo un psic\u00f3logo rompe la confidencialidad?\u00bb style=\u00bbsimple\u00bb color=\u00bbpeacoc\u00bb custom_font_container=\u00bbtag:h2|font_size:20|text_align:left|color:%23111111&#8243; custom_use_theme_fonts=\u00bbyes\u00bb use_custom_heading=\u00bbtrue\u00bb]La confidencialidad es clave dentro del ejercicio de la psicolog\u00eda, y una pieza infaltable en la construcci\u00f3n de confianza con tu terapeuta. Sin embargo, hay ocasiones en que se debe romper el secreto profesional, esto es, cuando tu vida o integridad, o la vida o integridad de un tercero est\u00e9 en riesgo.[\/vc_toggle][vc_empty_space][\/vc_column][vc_column width=\u00bb1\/6&#8243;][\/vc_column][\/vc_row][vc_row][vc_column][vc_btn title=\u00bbEscr\u00edbenos\u00bb style=\u00bboutline\u00bb shape=\u00bbround\u00bb color=\u00bbinverse\u00bb align=\u00bbcenter\u00bb i_align=\u00bbright\u00bb i_icon_fontawesome=\u00bbfas fa-angle-double-right\u00bb add_icon=\u00bbtrue\u00bb link=\u00bburl:https%3A%2F%2Factivamente.lanegritastudio.com%2Findex.php%2Fcontacto-psicologa-villavicencio%2F|title:Contacto\u00bb][vc_empty_space][\/vc_column][\/vc_row]<\/p>\n<\/section>","protected":false},"excerpt":{"rendered":"<p>[vc_row css=\u00bb.vc_custom_1677519676995{padding-top: 0px !important;padding-bottom: 0px !important;}\u00bb][vc_column width=\u00bb1\/6&#8243;][\/vc_column][vc_column width=\u00bb2\/3&#8243;][vc_empty_space][vc_empty_space][vc_custom_heading text=\u00bb\u00bfTienes Dudas?\u00bb font_container=\u00bbtag:h2|text_align:center|color:%233f3f3f\u00bb use_theme_fonts=\u00bbyes\u00bb][vc_column_text]Aqu\u00ed te dejamos unas de las preguntas m\u00e1s comunes que puedes llegar a tener sobre la terapia o nuestros enfoque, esperamos te sirvan de ayuda y en caso de cualquier inquietud no dudes en escribirnos, estaremos felices de hablar contigo.[\/vc_column_text][vc_toggle title=\u00bb\u00bfCu\u00e1ndo debo acudir a [&hellip;]<\/p>\n","protected":false},"author":1,"featured_media":0,"parent":0,"menu_order":0,"comment_status":"closed","ping_status":"closed","template":"page-templates\/template-fullwidth.php","meta":[],"aioseo_notices":[],"_links":{"self":[{"href":"https:\/\/activamente.com.co\/index.php\/wp-json\/wp\/v2\/pages\/1570"}],"collection":[{"href":"https:\/\/activamente.com.co\/index.php\/wp-json\/wp\/v2\/pages"}],"about":[{"href":"https:\/\/activamente.com.co\/index.php\/wp-json\/wp\/v2\/types\/page"}],"author":[{"embeddable":true,"href":"https:\/\/activamente.com.co\/index.php\/wp-json\/wp\/v2\/users\/1"}],"replies":[{"embeddable":true,"href":"https:\/\/activamente.com.co\/index.php\/wp-json\/wp\/v2\/comments?post=1570"}],"version-history":[{"count":8,"href":"https:\/\/activamente.com.co\/index.php\/wp-json\/wp\/v2\/pages\/1570\/revisions"}],"predecessor-version":[{"id":1671,"href":"https:\/\/activamente.com.co\/index.php\/wp-json\/wp\/v2\/pages\/1570\/revisions\/1671"}],"wp:attachment":[{"href":"https:\/\/activamente.com.co\/index.php\/wp-json\/wp\/v2\/media?parent=1570"}],"curies":[{"name":"wp","href":"https:\/\/api.w.org\/{rel}","templated":true}]}}