{"id":1162,"date":"2017-03-02T08:04:40","date_gmt":"2017-03-02T08:04:40","guid":{"rendered":"http:\/\/demo.oceanthemes.net\/archi\/version-light\/?page_id=1162"},"modified":"2023-04-01T11:00:38","modified_gmt":"2023-04-01T11:00:38","slug":"home-profession-light","status":"publish","type":"page","link":"https:\/\/activamente.com.co\/","title":{"rendered":"Psic\u00f3loga-Villavicencio"},"content":{"rendered":"<section class=\"wpb-content-wrapper\"><p>[vc_row][vc_column]\n\t\t\t<!-- START Slider 1 REVOLUTION SLIDER 6.6.8 --><p class=\"rs-p-wp-fix\"><\/p>\n\t\t\t<rs-module-wrap id=\"rev_slider_1_1_wrapper\" data-source=\"gallery\" style=\"visibility:hidden;background:transparent;padding:0;margin:0px auto;margin-top:0;margin-bottom:0;\">\n\t\t\t\t<rs-module id=\"rev_slider_1_1\" style=\"\" data-version=\"6.6.8\">\n\t\t\t\t\t<rs-slides style=\"overflow: hidden; position: absolute;\">\n\t\t\t\t\t\t<rs-slide style=\"position: absolute;\" data-key=\"rs-1\" data-title=\"Slide\" data-in=\"o:0;\" data-out=\"a:false;\">\n\t\t\t\t\t\t\t<img src=\"\/\/activamente.com.co\/wp-content\/plugins\/revslider\/public\/assets\/assets\/dummy.png\" alt=\"\" title=\"Breathtaking view of the ocean and the rocky cliffs under the beautiful bright sky\" width=\"1800\" height=\"787\" class=\"rev-slidebg tp-rs-img rs-lazyload\" data-lazyload=\"\/\/activamente.com.co\/wp-content\/uploads\/2023\/02\/breathtaking-view-ocean-rocky-cliffs-beautiful-bright-sky-negri-e1677242513452.jpg\" data-no-retina>\n<!--\n\t\t\t\t\t\t\t--><rs-layer\n\t\t\t\t\t\t\t\tid=\"slider-1-slide-1-layer-0\" \n\t\t\t\t\t\t\t\tdata-type=\"text\"\n\t\t\t\t\t\t\t\tdata-rsp_ch=\"on\"\n\t\t\t\t\t\t\t\tdata-xy=\"xo:181px,149px,81px,20px;yo:226px,186px,168px,117px;\"\n\t\t\t\t\t\t\t\tdata-text=\"w:normal;s:49,40,36,24;l:64,52,47,32;ls:10px,8px,7px,4px;fw:300;\"\n\t\t\t\t\t\t\t\tdata-dim=\"w:511px,421px,386px,262px;h:132,109,99,61px;\"\n\t\t\t\t\t\t\t\tdata-frame_999=\"o:0;st:w;\"\n\t\t\t\t\t\t\t\tstyle=\"z-index:5;font-family:'Montserrat';\"\n\t\t\t\t\t\t\t>PSICOLOG\u00cdA & \n\t\t\t\t\t\t\t<\/rs-layer><!--\n\n\t\t\t\t\t\t\t--><rs-layer\n\t\t\t\t\t\t\t\tid=\"slider-1-slide-1-layer-1\" \n\t\t\t\t\t\t\t\tdata-type=\"text\"\n\t\t\t\t\t\t\t\tdata-color=\"#c4dad5\"\n\t\t\t\t\t\t\t\tdata-rsp_ch=\"on\"\n\t\t\t\t\t\t\t\tdata-xy=\"xo:670px,553px,443px,250px;yo:208px,171px,150px,106px;\"\n\t\t\t\t\t\t\t\tdata-text=\"w:normal;s:48,39,39,27;l:91,75,75,53;ls:9,7,7,5;fw:600;\"\n\t\t\t\t\t\t\t\tdata-dim=\"w:374,308,314,225;\"\n\t\t\t\t\t\t\t\tdata-frame_999=\"o:0;st:w;\"\n\t\t\t\t\t\t\t\tstyle=\"z-index:5;font-family:'Montserrat';\"\n\t\t\t\t\t\t\t>BIENESTAR \n\t\t\t\t\t\t\t<\/rs-layer><!--\n\n\t\t\t\t\t\t\t--><a\n\t\t\t\t\t\t\t\tid=\"slider-1-slide-1-layer-3\" \n\t\t\t\t\t\t\t\tclass=\"rs-layer rev-btn\"\n\t\t\t\t\t\t\t\thref=\"https:\/\/wa.link\/enxdzd\" target=\"_self\"\n\t\t\t\t\t\t\t\tdata-type=\"button\"\n\t\t\t\t\t\t\t\tdata-rsp_ch=\"on\"\n\t\t\t\t\t\t\t\tdata-xy=\"xo:489px,403px,240px,125px;yo:298px,246px,220px,154px;\"\n\t\t\t\t\t\t\t\tdata-text=\"w:normal;s:19,15,27,21;l:46,37,67,57;ls:3,2,2,0;fw:500;\"\n\t\t\t\t\t\t\t\tdata-dim=\"w:auto,auto,auto,240px;h:auto,auto,auto,60px;minh:0,none,none,none;\"\n\t\t\t\t\t\t\t\tdata-padding=\"r:29,24,43,38;l:29,24,43,38;\"\n\t\t\t\t\t\t\t\tdata-border=\"bos:solid;boc:rgba(255,255,255,0.35);bow:1px,1px,1px,1px;bor:25px,25px,25px,25px;\"\n\t\t\t\t\t\t\t\tdata-frame_999=\"o:0;st:w;\"\n\t\t\t\t\t\t\t\tdata-frame_hover=\"bgc:rgba(0,0,0,0);boc:rgba(255,255,255,0.75);bor:25px,25px,25px,25px;bos:solid;bow:1px,1px,1px,1px;e:power1.inOut;\"\n\t\t\t\t\t\t\t\tstyle=\"z-index:6;background-color:rgba(0,0,0,0);font-family:'Montserrat';\"\n\t\t\t\t\t\t\t>Agenda tu cita  \n\t\t\t\t\t\t\t<\/a><!--\n-->\t\t\t\t\t\t<\/rs-slide>\n\t\t\t\t\t<\/rs-slides>\n\t\t\t\t<\/rs-module>\n\t\t\t\t<script>\n\t\t\t\t\tsetREVStartSize({c: 'rev_slider_1_1',rl:[1240,1024,778,480],el:[500,768,360,320],gw:[1240,1024,778,480],gh:[500,468,360,320],type:'standard',justify:'',layout:'fullwidth',mh:\"0\"});if (window.RS_MODULES!==undefined && window.RS_MODULES.modules!==undefined && window.RS_MODULES.modules[\"revslider11\"]!==undefined) {window.RS_MODULES.modules[\"revslider11\"].once = false;window.revapi1 = undefined;if (window.RS_MODULES.checkMinimal!==undefined) window.RS_MODULES.checkMinimal()}\n\t\t\t\t<\/script>\n\t\t\t<\/rs-module-wrap>\n\t\t\t<!-- END REVOLUTION SLIDER -->\n[vc_empty_space height=\u00bb62px\u00bb][\/vc_column][\/vc_row][vc_row css=\u00bb.vc_custom_1675710817067{padding-bottom: 90px !important;}\u00bb][vc_column animate=\u00bbfadeinup\u00bb delay=\u00bb0.6&#8243; duration=\u00bb1.2&#8243; offset=\u00bbvc_col-md-offset-3 vc_col-md-6&#8243;][vc_single_image image=\u00bb1406&#8243; alignment=\u00bbcenter\u00bb]\n\t<!-- Element: OT Heading --> \t \n\t<h1 class=\"ot_custom_heading  \" style=\"text-align: center;\" >Contamos con atenci\u00f3n presencial en la ciudad de Villavicencio y online a otras ciudades a nivel nacional e internacional.<\/h1>\t\n\t<!-- Element: OT Line solid --> \t \n\t<div class=\" separator \"><span><i class=\"fa fa-circle\"><\/i><\/span><\/div>\n\t<div class=\"spacer-single\"><\/div>\t      \n[vc_column_text css=\u00bb.vc_custom_1680040451010{margin-bottom: 20px !important;padding-bottom: 0px !important;}\u00bb el_class=\u00bbtext-center\u00bb]<\/p>\n<p class=\"lead\">Somos un equipo de especialistas en salud mental con experiencia en evaluaci\u00f3n, atenci\u00f3n e intervenci\u00f3n individual a ni\u00f1os, ni\u00f1as, adolescentes y adultos. Contamos con atenci\u00f3n presencial en Villavicencio y online a otras ciudades.<\/p>\n<p>Buscamos generar un espacio c\u00e1lido y seguro, para construir en conjunto y trabajar activamente en un proyecto de vida centrado en aquello que t\u00fa consideras valioso.[\/vc_column_text][vc_btn title=\u00bbConoce m\u00e1s de nosotros\u00bb style=\u00bboutline\u00bb shape=\u00bbround\u00bb color=\u00bbinverse\u00bb align=\u00bbcenter\u00bb i_align=\u00bbright\u00bb i_icon_fontawesome=\u00bbfas fa-angle-double-right\u00bb add_icon=\u00bbtrue\u00bb link=\u00bburl:https%3A%2F%2Factivamente.lanegritastudio.com%2Findex.php%2Fabout%2F|title:About\u00bb][vc_empty_space][\/vc_column][\/vc_row][vc_row fullwidth=\u00bbyes\u00bb][vc_column]\n\t<!-- Element: OT Heading --> \t \n\t<h1 class=\"ot_custom_heading  \" style=\"text-align: center;\" >Nuestros Servicios<\/h1>\t\n\t<!-- Element: OT Line solid --> \t \n\t<div class=\" separator \"><span><i class=\"fa fa-circle\"><\/i><\/span><\/div>\n\t<div class=\"spacer-single\"><\/div>\t      \n[vc_empty_space]<!-- Element: OT Services Grid 2 -->\n<div class=\"display-table text-light\">\n\t\n\t\t<div class=\"box-four-columns text-middle wow fadeInRight\" data-wow-delay=\"1s\" style=\"background-image: url(https:\/\/activamente.com.co\/wp-content\/uploads\/2023\/02\/Sin-titulo-1.jpg);\">\n            <div class=\"mask-overlay\"><\/div>\n            <div class=\"padding40 z-index-2\">\n                <h3>Orientaci\u00f3n Vocacional<\/h3>\n                <div class=\"service-excerpt\"><p>Elegir una carrera es mucho m\u00e1s que solo elegir qu\u00e9 estudiar, es una elecci\u00f3n que implica preguntarnos sobre nuestro prop\u00f3sito de vida y sobre diversas \u00e1reas a nivel social, emocional, econ\u00f3mico y familiar\u2026<\/p>\n<\/div>\n                                \t<a href=\"https:\/\/activamente.com.co\/index.php\/service\/orientacion-vocacional\/\" class=\"btn-line btn-fullwidth\">Leer M\u00e1s<\/a>\n                            <\/div>\n        <\/div>        \n        \n\t\n\t\t<div class=\"box-four-columns text-middle wow fadeInRight\" data-wow-delay=\"2s\" style=\"background-image: url(https:\/\/activamente.com.co\/wp-content\/uploads\/2015\/08\/terapia-sicologica-villavicencio.jpg);\">\n            <div class=\"mask-overlay\"><\/div>\n            <div class=\"padding40 z-index-2\">\n                <h3>Acompa\u00f1amiento psicol\u00f3gico<\/h3>\n                <div class=\"service-excerpt\"><p>Un espacio en el que terapeuta y consultante trabajan en conjunto, planteando unos objetivos que gu\u00edan las intervenciones que ser\u00e1n realizadas. Recuerda que a terapia no  &#8230;<\/p>\n<\/div>\n                                \t<a href=\"https:\/\/activamente.com.co\/index.php\/service\/acompanamiento-psicologico\/\" class=\"btn-line btn-fullwidth\">Leer M\u00e1s<\/a>\n                            <\/div>\n        <\/div>        \n        \n\t\n\t\t<div class=\"box-four-columns text-middle wow fadeInRight\" data-wow-delay=\"3s\" style=\"background-image: url(https:\/\/activamente.com.co\/wp-content\/uploads\/2015\/08\/terapia-infantil-villavicencio.jpg);\">\n            <div class=\"mask-overlay\"><\/div>\n            <div class=\"padding40 z-index-2\">\n                <h3>Servicios para colegios<\/h3>\n                <div class=\"service-excerpt\"><p>Realizamos asesor\u00eda educativa a los colegios para fortalecer los diferentes proyectos ligados a la salud mental y el bienestar. Adem\u00e1s, brindamos espacios de formaci\u00f3n para estudiantes, padres, maestros y \u2026<\/p>\n<\/div>\n                                \t<a href=\"https:\/\/activamente.com.co\/index.php\/service\/acompanamiento-psicologico-en-villvicencio\/\" class=\"btn-line btn-fullwidth\">Leer M\u00e1s<\/a>\n                            <\/div>\n        <\/div>        \n        \n\t\n\t\t<div class=\"box-four-columns text-middle wow fadeInRight\" data-wow-delay=\"4s\" style=\"background-image: url(https:\/\/activamente.com.co\/wp-content\/uploads\/2015\/08\/terapia-para-empresas-villavicencio.jpg);\">\n            <div class=\"mask-overlay\"><\/div>\n            <div class=\"padding40 z-index-2\">\n                <h3>Servicios para empresas<\/h3>\n                <div class=\"service-excerpt\"><p>Realizamos capacitaci\u00f3n y asesor\u00eda dentro de las organizaciones. Busca contribuir a la construcci\u00f3n de una cultura de confianza y motivaci\u00f3n hacia el entorno laboral, a partir del reconocimiento\u2026<\/p>\n<\/div>\n                                \t<a href=\"https:\/\/activamente.com.co\/index.php\/service\/servicio-a-empresas\/\" class=\"btn-line btn-fullwidth\">Leer M\u00e1s<\/a>\n                            <\/div>\n        <\/div>        \n        \n\t\t\n<\/div>\t\n[vc_empty_space][\/vc_column][\/vc_row][vc_row disable_element=\u00bbyes\u00bb css=\u00bb.vc_custom_1675711619397{padding-top: 90px !important;padding-bottom: 90px !important;background-image: url(https:\/\/activamente.lanegritastudio.com\/wp-content\/uploads\/2023\/01\/breathtaking-view-ocean-rocky-cliffs-beautiful-bright-sky1.jpg?id=1417) !important;}\u00bb el_class=\u00bbbg-fixed\u00bb][vc_column]\n\t<!-- Element: OT Heading --> \t \n\t<h1 class=\"ot_custom_heading  \" style=\"text-align: center;\" >My Experiences<\/h1>\t\n\t<!-- Element: OT Line solid --> \t \n\t<div class=\" separator \"><span><i class=\"fa fa-circle\"><\/i><\/span><\/div>\n\t<div class=\"spacer-single\"><\/div>\t      \n[\/vc_column][vc_column offset=\u00bbvc_col-md-offset-3 vc_col-md-6&#8243; el_class=\u00bbtext-dark\u00bb]\t<!-- Element: OT Profile Experiences -->\n\t<div class=\"timeline exp\">\n\t\t\t\n\t        <div class=\"tl-block wow fadeInUp\" data-wow-delay=\"0\">\n\t            <div class=\"tl-time\">\n\t                <h4>2014 - Now<\/h4>\n\t            <\/div>\n\t            <div class=\"tl-bar\">\n\t                <div class=\"tl-line\"><\/div>\n\t            <\/div>\n\t            <div class=\"tl-message\">\n\t                <div class=\"tl-icon\">&nbsp;<\/div>\n\t                <div class=\"tl-main\">\n\t                    <h4 class=\"id-color\">Chief Executive Officer<\/h4>\n\t                    Lorem ipsum dolor sit amet, consectetur adipiscing elit, sed do eiusmod tempor incididunt ut labore et dolore magna aliqua.\t                <\/div>\n\t            <\/div>\n\t        <\/div>\n        \t\n\t        <div class=\"tl-block wow fadeInUp\" data-wow-delay=\"3\">\n\t            <div class=\"tl-time\">\n\t                <h4>2012 - 2014<\/h4>\n\t            <\/div>\n\t            <div class=\"tl-bar\">\n\t                <div class=\"tl-line\"><\/div>\n\t            <\/div>\n\t            <div class=\"tl-message\">\n\t                <div class=\"tl-icon\">&nbsp;<\/div>\n\t                <div class=\"tl-main\">\n\t                    <h4 class=\"id-color\">Sr. Interior Designer<\/h4>\n\t                    Lorem ipsum dolor sit amet, consectetur adipiscing elit, sed do eiusmod tempor incididunt ut labore et dolore magna aliqua.\t                <\/div>\n\t            <\/div>\n\t        <\/div>\n        \t\n\t        <div class=\"tl-block wow fadeInUp\" data-wow-delay=\"6\">\n\t            <div class=\"tl-time\">\n\t                <h4>2010 - 2012<\/h4>\n\t            <\/div>\n\t            <div class=\"tl-bar\">\n\t                <div class=\"tl-line\"><\/div>\n\t            <\/div>\n\t            <div class=\"tl-message\">\n\t                <div class=\"tl-icon\">&nbsp;<\/div>\n\t                <div class=\"tl-main\">\n\t                    <h4 class=\"id-color\">Jr. Interior Designer<\/h4>\n\t                    Lorem ipsum dolor sit amet, consectetur adipiscing elit, sed do eiusmod tempor incididunt ut labore et dolore magna aliqua.\t                <\/div>\n\t            <\/div>\n\t        <\/div>\n        \t\n\t        <div class=\"tl-block wow fadeInUp\" data-wow-delay=\"9\">\n\t            <div class=\"tl-time\">\n\t                <h4>2008 - 2010<\/h4>\n\t            <\/div>\n\t            <div class=\"tl-bar\">\n\t                <div class=\"tl-line\"><\/div>\n\t            <\/div>\n\t            <div class=\"tl-message\">\n\t                <div class=\"tl-icon\">&nbsp;<\/div>\n\t                <div class=\"tl-main\">\n\t                    <h4 class=\"id-color\">Interior Designer<\/h4>\n\t                    Lorem ipsum dolor sit amet, consectetur adipiscing elit, sed do eiusmod tempor incididunt ut labore et dolore magna aliqua.\t                <\/div>\n\t            <\/div>\n\t        <\/div>\n          \n    <\/div>  \n[\/vc_column][\/vc_row][vc_row css=\u00bb.vc_custom_1675711662455{padding-top: 90px !important;padding-bottom: 90px !important;}\u00bb][vc_column animate=\u00bbfadeinup\u00bb el_class=\u00bbdark\u00bb]\n\t<!-- Element: OT Heading --> \t \n\t<h1 class=\"ot_custom_heading  \" style=\"text-align: center;\" >Nuestros Principios<\/h1>\t\n[vc_empty_space][vc_column_text css=\u00bb.vc_custom_1675711816381{margin-bottom: 20px !important;padding-bottom: 0px !important;}\u00bb el_class=\u00bbtext-center\u00bb]<\/p>\n<p class=\"lead\" style=\"text-align: center;\">Trabajamos constantemente por mantenernos actualizados ofreciendo un servicio alineado con los principios que nos rigen:<\/p>\n<p>[\/vc_column_text]\t<!-- Element: OT Line solid --> \t \n\t<div class=\" separator \"><span><i class=\"fa fa-circle\"><\/i><\/span><\/div>\n\t<div class=\"spacer-single\"><\/div>\t      \n\n\t<!-- Element: OT Process -->\n    <div class=\"de_tab tab_steps tab_4  \">\n        <ul class=\"de_nav process-circle-texticon\">\n\t        \t            <li class=\"active \" data-wow-delay=\"0.4s\">\n\t            \t<span class=\"content-mid\">\n\t            \t\t<div class=\"inner\">\t\t\n\t            \t\t\t\t\t\t\t\t\t\t\t\t\t\t\t\t\t\t \t\t<i class=\"fa fa-\" aria-hidden=\"true\"><\/i>\n\t\t\t\t\t\t\t \t\t\t\t\t\t\t\t\t<small>Disciplina Positiva<\/small>\n\t\t\t\t\t\t\t\t            \t\t<\/div>\n\t            \t<\/span>\t\t        \n\t\t            <div class=\"v-border\"><\/div>\n\t            <\/li>\n\t            \n\t        \t            <li class=\" \" data-wow-delay=\"0.8s\">\n\t            \t<span class=\"content-mid\">\n\t            \t\t<div class=\"inner\">\t\t\n\t            \t\t\t\t\t\t\t\t\t\t\t\t\t\t\t\t\t\t \t\t<i class=\"fa fa-\" aria-hidden=\"true\"><\/i>\n\t\t\t\t\t\t\t \t\t\t\t\t\t\t\t\t<small>Psicolog\u00eda Basada en Evidencia<\/small>\n\t\t\t\t\t\t\t\t            \t\t<\/div>\n\t            \t<\/span>\t\t        \n\t\t            <div class=\"v-border\"><\/div>\n\t            <\/li>\n\t            \n\t        \t            <li class=\" \" data-wow-delay=\"1.2s\">\n\t            \t<span class=\"content-mid\">\n\t            \t\t<div class=\"inner\">\t\t\n\t            \t\t\t\t\t\t\t\t\t\t\t\t\t\t\t\t\t\t \t\t<i class=\"fa fa-\" aria-hidden=\"true\"><\/i>\n\t\t\t\t\t\t\t \t\t\t\t\t\t\t\t\t<small>Entorno Libre &#038; Seguro de Juicio<\/small>\n\t\t\t\t\t\t\t\t            \t\t<\/div>\n\t            \t<\/span>\t\t        \n\t\t            <div class=\"v-border\"><\/div>\n\t            <\/li>\n\t            \n\t        \t            <li class=\" \" data-wow-delay=\"1.6s\">\n\t            \t<span class=\"content-mid\">\n\t            \t\t<div class=\"inner\">\t\t\n\t            \t\t\t\t\t\t\t\t\t\t\t\t\t\t\t\t\t\t \t\t<i class=\"fa fa-\" aria-hidden=\"true\"><\/i>\n\t\t\t\t\t\t\t \t\t\t\t\t\t\t\t\t<small>Relaciones Emp\u00e1ticas &#038; Trabajo en Equipo<\/small>\n\t\t\t\t\t\t\t\t            \t\t<\/div>\n\t            \t<\/span>\t\t        \n\t\t            <div class=\"v-border\"><\/div>\n\t            <\/li>\n\t            \n\t                <\/ul>\n\n        <div class=\"de_tab_content\">\n\t        \t            <div id=\"tab-615\" class=\"de_tab_content_inner\">\n\t                <p>Es una metodolog\u00eda educativa que promueve interacciones basadas en el respeto y la conexi\u00f3n efectiva entre ni\u00f1os y adultos. La disciplina positiva ayuda a entender las conductas de los ni\u00f1os y brinda herramientas que promueven habilidades interpersonales y de regulaci\u00f3n emocional en ellos, teniendo como fundamento el respeto mutuo, el establecimiento de l\u00edmites y la conexi\u00f3n emocional. No solo se centra en resolver los problemas inmediatos, sino que da herramientas y estrategias de crianza que promueven que los ni\u00f1os puedan autogestionarse y resolver los diferentes obst\u00e1culos de la vida tambi\u00e9n en el largo plazo.<\/p>\n\t            <\/div>\n\t        \t            <div id=\"tab-616\" class=\"de_tab_content_inner\">\n\t                <p>Cuando se habla de pr\u00e1cticas basadas en la evidencia en realidad se est\u00e1 queriendo decir que los tratamientos y estrategias usadas durante la intervenci\u00f3n, han sido previamente probadas y validadas de forma cient\u00edfica. La validaci\u00f3n cient\u00edfica se hace a trav\u00e9s de investigaciones, lo que garantiza que el tratamiento o intervenci\u00f3n ofrecida en cada caso haya demostrado ser eficaz para problem\u00e1ticas similares a las que presenta la persona.<\/p>\n\t            <\/div>\n\t        \t            <div id=\"tab-617\" class=\"de_tab_content_inner\">\n\t                <p>Un espacio en el que te sientas seguro y con la libertad de expresarte sin el temor a ser juzgado, es clave para el \u00e9xito del proceso terap\u00e9utico. Sabemos que todos somos diversos y respetamos profundamente los valores y creencias individuales.<\/p>\n\t            <\/div>\n\t        \t            <div id=\"tab-618\" class=\"de_tab_content_inner\">\n\t                <p>La relaci\u00f3n terap\u00e9utica es un activo fundamental en cualquier proceso terap\u00e9utico. El hecho de que trabajemos desde metodolog\u00edas basadas en la evidencia, solo nos acerca m\u00e1s a comprender la importancia que tiene el v\u00ednculo en las relaciones humanas. Por eso trabajamos para generar un espacio en el que t\u00fa eres en protagonista, en donde te sientas c\u00f3modo y escuchado, y en donde puedas construir en conjunto los objetivos de tu terapia, comprendiendo siempre la metodolog\u00eda usada y por qu\u00e9 de cada intervenci\u00f3n.<\/p>\n\t            <\/div>\n\t                <\/div>\n    <\/div>\n\n[\/vc_column][\/vc_row][vc_row css=\u00bb.vc_custom_1680346804753{margin-bottom: -50px !important;border-bottom-width: -50px !important;padding-top: 30px !important;padding-bottom: 120px !important;background-image: url(https:\/\/activamente.com.co\/wp-content\/uploads\/2023\/02\/fondo-activamente-psicologia-villvicencio.jpg?id=1648) !important;}\u00bb el_class=\u00bbno-bg-fixed2 text-dark\u00bb][vc_column width=\u00bb1\/6&#8243; animate=\u00bbfadein\u00bb][\/vc_column][vc_column width=\u00bb2\/3&#8243;]\n\t<!-- Element: OT Heading --> \t \n\t<h1 class=\"ot_custom_heading  \" style=\"text-align: center;\" >Agenda tu Cita<\/h1>\t\n[vc_empty_space][vc_column_text css=\u00bb.vc_custom_1675712100647{margin-bottom: 20px !important;padding-bottom: 0px !important;}\u00bb el_class=\u00bbtext-center\u00bb]<\/p>\n<p class=\"lead\" style=\"text-align: center;\">Trabajamos con pr\u00e1cticas basadas en la evidencia en donde las intervenciones se realizan con t\u00e9cnicas psicol\u00f3gicas que han demostrado eficacia y han sido validadas de forma emp\u00edrica.<\/p>\n<p>[\/vc_column_text]\t<!-- Element: OT Line solid --> \t \n\t<div class=\" separator \"><span><i class=\"fa fa-circle\"><\/i><\/span><\/div>\n\t<div class=\"spacer-single\"><\/div>\t      \n<div class=\"wpcf7 no-js\" id=\"wpcf7-f283-o1\" lang=\"en-US\" dir=\"ltr\">\n<div class=\"screen-reader-response\"><p role=\"status\" aria-live=\"polite\" aria-atomic=\"true\"><\/p> <ul><\/ul><\/div>\n<form action=\"\/index.php\/wp-json\/wp\/v2\/pages\/1162#wpcf7-f283-o1\" method=\"post\" class=\"wpcf7-form init\" aria-label=\"Contact form\" novalidate=\"novalidate\" data-status=\"init\">\n<div style=\"display: none;\">\n<input type=\"hidden\" name=\"_wpcf7\" value=\"283\" \/>\n<input type=\"hidden\" name=\"_wpcf7_version\" value=\"5.7.2\" \/>\n<input type=\"hidden\" name=\"_wpcf7_locale\" value=\"en_US\" \/>\n<input type=\"hidden\" name=\"_wpcf7_unit_tag\" value=\"wpcf7-f283-o1\" \/>\n<input type=\"hidden\" name=\"_wpcf7_container_post\" value=\"0\" \/>\n<input type=\"hidden\" name=\"_wpcf7_posted_data_hash\" value=\"\" \/>\n<\/div>\n<div class=\"row\">\n\t<div class=\"col-md-4\">\n\t\t<div>\n\t\t\t<p><span class=\"wpcf7-form-control-wrap\" data-name=\"your-name\"><input size=\"40\" class=\"wpcf7-form-control wpcf7-text wpcf7-validates-as-required\" aria-required=\"true\" aria-invalid=\"false\" placeholder=\"Nombre\" value=\"\" type=\"text\" name=\"your-name\" \/><\/span>\n\t\t\t<\/p>\n\t\t<\/div>\n\t\t<div>\n\t\t\t<p><span class=\"wpcf7-form-control-wrap\" data-name=\"email-453\"><input size=\"40\" class=\"wpcf7-form-control wpcf7-text wpcf7-email wpcf7-validates-as-required wpcf7-validates-as-email\" aria-required=\"true\" aria-invalid=\"false\" placeholder=\"Email\" value=\"\" type=\"email\" name=\"email-453\" \/><\/span>\n\t\t\t<\/p>\n\t\t<\/div>\n\t\t<div>\n\t\t\t<p><span class=\"wpcf7-form-control-wrap\" data-name=\"tel-565\"><input size=\"40\" class=\"wpcf7-form-control wpcf7-text wpcf7-tel wpcf7-validates-as-required wpcf7-validates-as-tel\" aria-required=\"true\" aria-invalid=\"false\" placeholder=\"Tel\u00e9fono\" value=\"\" type=\"tel\" name=\"tel-565\" \/><\/span>\n\t\t\t<\/p>\n\t\t<\/div>\n\t<\/div>\n\t<div class=\"col-md-8\">\n\t\t<div>\n\t\t\t<p><span class=\"wpcf7-form-control-wrap\" data-name=\"message\"><textarea cols=\"40\" rows=\"10\" class=\"wpcf7-form-control wpcf7-textarea wpcf7-validates-as-required\" aria-required=\"true\" aria-invalid=\"false\" placeholder=\"Mensaje\" name=\"message\"><\/textarea><\/span>\n\t\t\t<\/p>\n\t\t<\/div>\n\t<\/div>\n\t<div class=\"col-md-12\">\n\t\t<p id=\"submit\"><input class=\"wpcf7-form-control has-spinner wpcf7-submit btn-white btn-line\" type=\"submit\" value=\"Enviar\" \/>\n\t\t<\/p>\n\t<\/div>\n<\/div><div class=\"wpcf7-response-output\" aria-hidden=\"true\"><\/div><\/form><\/div>[\/vc_column][vc_column width=\u00bb1\/6&#8243;][\/vc_column][\/vc_row][vc_row el_class=\u00bbcall-to-action bg-color text-dark\u00bb css=\u00bb.vc_custom_1677519369937{padding-top: 60px !important;padding-bottom: 40px !important;background-color: #c4dad5 !important;}\u00bb][vc_column width=\u00bb2\/3&#8243;][vc_column_text css=\u00bb.vc_custom_1675711171054{margin-bottom: 0px !important;padding-bottom: 0px !important;}\u00bb]<\/p>\n<h2>\u00bfQuieres m\u00e1s informaci\u00f3n?<\/h2>\n<p>[\/vc_column_text][\/vc_column][vc_column width=\u00bb1\/3&#8243;]\t\t\t\n\t<!-- Element: OT Button --> \n\t\t\t<a href=\"https:\/\/activamente.lanegritastudio.com\/index.php\/contacto-psicologa-villavicencio\/\" target=\"_self\" class=\"btn btn-line-black btn-big vc_custom_1675793818042 \">Escr\u00edbenos<\/a>\n\t    \n[\/vc_column][\/vc_row]<\/p>\n<\/section>","protected":false},"excerpt":{"rendered":"<p>[vc_row][vc_column][vc_empty_space height=\u00bb62px\u00bb][\/vc_column][\/vc_row][vc_row css=\u00bb.vc_custom_1675710817067{padding-bottom: 90px !important;}\u00bb][vc_column animate=\u00bbfadeinup\u00bb delay=\u00bb0.6&#8243; duration=\u00bb1.2&#8243; offset=\u00bbvc_col-md-offset-3 vc_col-md-6&#8243;][vc_single_image image=\u00bb1406&#8243; alignment=\u00bbcenter\u00bb][vc_column_text css=\u00bb.vc_custom_1680040451010{margin-bottom: 20px !important;padding-bottom: 0px !important;}\u00bb el_class=\u00bbtext-center\u00bb] Somos un equipo de especialistas en salud mental con experiencia en evaluaci\u00f3n, atenci\u00f3n e intervenci\u00f3n individual a ni\u00f1os, ni\u00f1as, adolescentes y adultos. Contamos con atenci\u00f3n presencial en Villavicencio y online a otras ciudades. Buscamos generar un espacio [&hellip;]<\/p>\n","protected":false},"author":1,"featured_media":0,"parent":0,"menu_order":0,"comment_status":"closed","ping_status":"closed","template":"page-templates\/template-canvas.php","meta":[],"aioseo_notices":[],"_links":{"self":[{"href":"https:\/\/activamente.com.co\/index.php\/wp-json\/wp\/v2\/pages\/1162"}],"collection":[{"href":"https:\/\/activamente.com.co\/index.php\/wp-json\/wp\/v2\/pages"}],"about":[{"href":"https:\/\/activamente.com.co\/index.php\/wp-json\/wp\/v2\/types\/page"}],"author":[{"embeddable":true,"href":"https:\/\/activamente.com.co\/index.php\/wp-json\/wp\/v2\/users\/1"}],"replies":[{"embeddable":true,"href":"https:\/\/activamente.com.co\/index.php\/wp-json\/wp\/v2\/comments?post=1162"}],"version-history":[{"count":111,"href":"https:\/\/activamente.com.co\/index.php\/wp-json\/wp\/v2\/pages\/1162\/revisions"}],"predecessor-version":[{"id":1700,"href":"https:\/\/activamente.com.co\/index.php\/wp-json\/wp\/v2\/pages\/1162\/revisions\/1700"}],"wp:attachment":[{"href":"https:\/\/activamente.com.co\/index.php\/wp-json\/wp\/v2\/media?parent=1162"}],"curies":[{"name":"wp","href":"https:\/\/api.w.org\/{rel}","templated":true}]}}